{"id":26,"date":"2020-04-09T01:15:48","date_gmt":"2020-04-09T04:15:48","guid":{"rendered":"http:\/\/andreslapoza.com.ar\/?page_id=26"},"modified":"2023-12-25T18:33:06","modified_gmt":"2023-12-25T21:33:06","slug":"diseno-de-maquinaria","status":"publish","type":"page","link":"https:\/\/andreslapoza.com.ar\/","title":{"rendered":"Andr\u00e9s Lapoza"},"content":{"rendered":"\n<p><strong>Andr\u00e9s Lapoza. Dibujante proyectista freelance.<\/strong><\/p>\n\n\n\n<h2 class=\"wp-block-heading\" style=\"font-size:30px\">\u00bfPor qu\u00e9 el Modelado 3D ?<\/h2>\n\n\n\n<p>Es la manera mas efectiva de dar forma a un  proyecto, de validar y comunicar ideas antes de la producci\u00f3n. <\/p>\n\n\n\n<p>A partir del modelado 3D se realiza la confecci\u00f3n de planos con mayor precisi\u00f3n.<\/p>\n\n\n\n<h2 class=\"wp-block-heading\" style=\"font-size:30px\">\u00bfPor qu\u00e9 Renders?<\/h2>\n\n\n\n<p>Puedo ayudar a mejorar su imagen en la web, a crear  cat\u00e1logos, folletos o manuales de usuario, mediante im\u00e1genes digitales fotorrealistas (Renders).<\/p>\n\n\n\n<p><\/p>\n\n\n\n<h2 class=\"wp-block-heading\" style=\"font-size:31px\"><strong>AL |Dibujante Proyectista Freelance<\/strong> <strong>|<\/strong> Dise\u00f1o de maquinaria.<\/h2>\n\n\n\n<p>T\u00e9cnico electromec\u00e1nico, T\u00e9cnico Superior en Automatizaci\u00f3n y Rob\u00f3tica. Dibujante proyectista freelance<\/p>\n\n\n\n<p>Desde el a\u00f1o 2012 que me dedico al dise\u00f1o y dibujo mec\u00e1nico CAD.<\/p>\n\n\n\n<p>Cuento con varios a\u00f1os de experiencia en el dise\u00f1o y dibujo de m\u00e1quinas autom\u00e1ticas y semi-autom\u00e1ticas. <\/p>\n\n\n\n<p>Me apasiona la tecnolog\u00eda, la ingenier\u00eda, la creaci\u00f3n de m\u00e1quinas y la visualizaci\u00f3n 3D.<\/p>\n\n\n\n<p>Mi objetivo n\u00famero uno con cada proyecto es buscar la satisfacci\u00f3n 100% con cada trabajo que se complete.<\/p>\n\n\n\n<h2 class=\"wp-block-heading\" style=\"font-size:30px\"><strong>Ofrezco mis servicios en:<\/strong><\/h2>\n\n\n\n<p>&#8211;<strong>Dise\u00f1o t\u00e9cnico mec\u00e1nico 3D<\/strong>.<\/p>\n\n\n\n<p>&#8211;<strong>Dise\u00f1o de maquinaria Automatizada.<\/strong>  <br>-Dibujo de planos mec\u00e1nicos, neum\u00e1ticos, electroneum\u00e1ticos.<\/p>\n\n\n\n<p>&#8211;<strong>Direcci\u00f3n de proyecto,<\/strong> <strong>Gesti\u00f3n, Presupuestos, Coordinaci\u00f3n de fabricaci\u00f3n con proveedores.<\/strong><\/p>\n\n\n\n<p>-Fabricaci\u00f3n de Los elementos.<\/p>\n\n\n\n<p>-Control y seguimiento de los talleres proveedores.<\/p>\n\n\n\n<p>-Control y seguimiento de lo convenido con los proveedores en termino de validaciones de dise\u00f1o, calidad, plazos y costos, generando listado de materiales y velando por el cumplimiento de las especificaciones t\u00e9cnicas acordadas con el cliente.<\/p>\n\n\n\n<p>-Direcci\u00f3n de Obra, Representaci\u00f3n t\u00e9cnica, y planos de detalle.<\/p>\n\n\n\n<p>-Dise\u00f1o\/desplegado\/desarrollo de chapa met\u00e1lica para corte l\u00e1ser, corte por agua, corte por plasma, etc. (DWG, DXF, EPS)<br>-Dise\u00f1o de piezas para Impresi\u00f3n 3D, impresi\u00f3n de prototipos y engranajes. (STL)<\/p>\n\n\n\n<p>-Documentaci\u00f3n t\u00e9cnico mec\u00e1nica del proyecto, asi como manuales AS-Built.<\/p>\n\n\n\n<p>&#8211;<strong>Renders fotorrealistas a partir de archivos CAD<\/strong>, STEP o IGES con t\u00e9cnicas de texturizado e iluminaci\u00f3n avanzada, para el \u00e1rea de Marketing y manuales de usuario.<\/p>\n\n\n\n<p>-Animaciones 3D mec\u00e1nicas .<\/p>\n\n\n\n<p>&#8212;&#8212;&#8212;&#8212;&#8212;&#8212;&#8212;&#8212;&#8212;&#8212;&#8212;&#8212;&#8212;&#8212;&#8212;&#8212;&#8212;&#8212;&#8212;&#8212;&#8212;&#8212;&#8212;&#8212;&#8212;&#8212;&#8212;&#8212;&#8212;&#8212;&#8212;&#8212;&#8212;&#8211;<\/p>\n\n\n\n<p style=\"font-size:30px\"><strong>Why 3D Modeling?<\/strong><\/p>\n\n\n\n<p>It is the most effective way to shape a project, to validate and communicate ideas before production.<\/p>\n\n\n\n<p>From the 3D modeling, the production of drawings is done with greater precision.<br>Why Renders?<\/p>\n\n\n\n<p>I can help you to improve your image on the web, to create catalogs, brochures or user manuals, through photorealistic digital images (Renders).<\/p>\n\n\n\n<p><\/p>\n\n\n\n<p><strong> <strong>Andr\u00e9s Lapoza. Dibujante proyectista freelance.<\/strong> <\/strong><\/p>\n\n\n\n<p style=\"font-size:30px\"><strong>AL | Freelance Designer CAD Draftsman<\/strong> <strong>|<\/strong> <strong>Automated machinery design.<\/strong> <\/p>\n\n\n\n<p>Electromechanical technician, Superior Technician in Automation and Robotics.<\/p>\n\n\n\n<p>Since 2012 I am dedicated to mechanical CAD design and drawing.<\/p>\n\n\n\n<p>I have several years of experience in the design and drawing of automatic and semi-automatic machines.<\/p>\n\n\n\n<p>I am passionate about technology, engineering, machine building and 3D visualization.<\/p>\n\n\n\n<p>My number one goal with every project is to seek 100% satisfaction with every job completed.<\/p>\n\n\n\n<p style=\"font-size:30px\"><strong>I offer my services in:<\/strong><\/p>\n\n\n\n<p>-3D mechanical engineering design.<\/p>\n\n\n\n<p>-Automated machinery design.<br>Drawing of mechanical, pneumatic, electro-pneumatic drawings.<\/p>\n\n\n\n<p>-Project Management, Management, Budgets, Coordination of manufacturing with suppliers.<\/p>\n\n\n\n<p>-Manufacturing of the elements.<\/p>\n\n\n\n<p>-Control and follow-up of the supplier workshops.<\/p>\n\n\n\n<p>-Control and follow-up of the agreed with suppliers in terms of design validations, quality, deadlines and costs, generating list of materials and ensuring compliance with the technical specifications agreed with the customer.<\/p>\n\n\n\n<p>-Construction management, technical representation, and detail drawings.<\/p>\n\n\n\n<p>-Design\/deployment\/development of sheet metal for laser cutting, water cutting, plasma cutting, etc. (DWG, DXF, EPS).<br>-Design of parts for 3D printing, prototype and gear printing (STL).<\/p>\n\n\n\n<p>-Technical and mechanical documentation of the project, as well as AS-Built manuals.<\/p>\n\n\n\n<p>-Photorealistic renderings from CAD, STEP or IGES files with advanced texturing and lighting techniques, for the Marketing area and user manuals.<\/p>\n\n\n\n<p>-Mechanical 3D animations.<\/p>\n","protected":false},"excerpt":{"rendered":"<p>Andr\u00e9s Lapoza. Dibujante proyectista freelance. \u00bfPor qu\u00e9 el Modelado 3D ? Es la manera mas efectiva de dar forma a un proyecto, de validar y comunicar ideas antes de la producci\u00f3n. A<\/p>\n<a class=\"moretag noptoppad\" href=\"https:\/\/andreslapoza.com.ar\/\">Read More...<\/a>","protected":false},"author":1,"featured_media":0,"parent":0,"menu_order":0,"comment_status":"closed","ping_status":"closed","template":"","meta":{"footnotes":""},"yoast_head":"<!-- This site is optimized with the Yoast SEO plugin v23.5 - https:\/\/yoast.com\/wordpress\/plugins\/seo\/ -->\n<title>&#062; Dibujante proyectista Freelance | Dise\u00f1o de maquinaria.<\/title>\n<meta name=\"description\" content=\"Andr\u00e9s Lapoza \/ Dibujante Proyectista Freelance | Solidworks | Automatizaci\u00f3n Industrial | Dise\u00f1o de maquinaria | AutoCAD | Planos | CAD\" \/>\n<meta name=\"robots\" content=\"index, follow, max-snippet:-1, max-image-preview:large, max-video-preview:-1\" \/>\n<link rel=\"canonical\" href=\"https:\/\/andreslapoza.com.ar\/\" \/>\n<meta property=\"og:locale\" content=\"es_ES\" \/>\n<meta property=\"og:type\" content=\"article\" \/>\n<meta property=\"og:title\" content=\"&#062; Dibujante proyectista Freelance | Dise\u00f1o de maquinaria.\" \/>\n<meta property=\"og:description\" content=\"Andr\u00e9s Lapoza \/ Dibujante Proyectista Freelance | Solidworks | Automatizaci\u00f3n Industrial | Dise\u00f1o de maquinaria | AutoCAD | Planos | CAD\" \/>\n<meta property=\"og:url\" content=\"https:\/\/andreslapoza.com.ar\/\" \/>\n<meta property=\"og:site_name\" content=\"Andr\u00e9s Lapoza\" \/>\n<meta property=\"article:modified_time\" content=\"2023-12-25T21:33:06+00:00\" \/>\n<meta name=\"twitter:card\" content=\"summary_large_image\" \/>\n<meta name=\"twitter:label1\" content=\"Tiempo de lectura\" \/>\n\t<meta name=\"twitter:data1\" content=\"3 minutos\" \/>\n<script type=\"application\/ld+json\" class=\"yoast-schema-graph\">{\"@context\":\"https:\/\/schema.org\",\"@graph\":[{\"@type\":\"WebPage\",\"@id\":\"https:\/\/andreslapoza.com.ar\/\",\"url\":\"https:\/\/andreslapoza.com.ar\/\",\"name\":\"&#062; Dibujante proyectista Freelance | Dise\u00f1o de maquinaria.\",\"isPartOf\":{\"@id\":\"https:\/\/andreslapoza.com.ar\/#website\"},\"datePublished\":\"2020-04-09T04:15:48+00:00\",\"dateModified\":\"2023-12-25T21:33:06+00:00\",\"description\":\"Andr\u00e9s Lapoza \/ Dibujante Proyectista Freelance | Solidworks | Automatizaci\u00f3n Industrial | Dise\u00f1o de maquinaria | AutoCAD | Planos | CAD\",\"breadcrumb\":{\"@id\":\"https:\/\/andreslapoza.com.ar\/#breadcrumb\"},\"inLanguage\":\"es-AR\",\"potentialAction\":[{\"@type\":\"ReadAction\",\"target\":[\"https:\/\/andreslapoza.com.ar\/\"]}]},{\"@type\":\"BreadcrumbList\",\"@id\":\"https:\/\/andreslapoza.com.ar\/#breadcrumb\",\"itemListElement\":[{\"@type\":\"ListItem\",\"position\":1,\"name\":\"Inicio\",\"item\":\"https:\/\/andreslapoza.com.ar\/\"},{\"@type\":\"ListItem\",\"position\":2,\"name\":\"Andr\u00e9s Lapoza\"}]},{\"@type\":\"WebSite\",\"@id\":\"https:\/\/andreslapoza.com.ar\/#website\",\"url\":\"https:\/\/andreslapoza.com.ar\/\",\"name\":\"Andr\u00e9s Lapoza - Ingenier\u00eda y Visualizaci\u00f3n.\",\"description\":\"Ingeniar\u00eda CAD - Dise\u00f1o de maquinaria\",\"publisher\":{\"@id\":\"https:\/\/andreslapoza.com.ar\/#\/schema\/person\/0c45d252bc13239437ad322f54a3e310\"},\"potentialAction\":[{\"@type\":\"SearchAction\",\"target\":{\"@type\":\"EntryPoint\",\"urlTemplate\":\"https:\/\/andreslapoza.com.ar\/?s={search_term_string}\"},\"query-input\":{\"@type\":\"PropertyValueSpecification\",\"valueRequired\":true,\"valueName\":\"search_term_string\"}}],\"inLanguage\":\"es-AR\"},{\"@type\":[\"Person\",\"Organization\"],\"@id\":\"https:\/\/andreslapoza.com.ar\/#\/schema\/person\/0c45d252bc13239437ad322f54a3e310\",\"name\":\"stratoandrews\",\"image\":{\"@type\":\"ImageObject\",\"inLanguage\":\"es-AR\",\"@id\":\"https:\/\/andreslapoza.com.ar\/#\/schema\/person\/image\/\",\"url\":\"https:\/\/andreslapoza.com.ar\/wp-content\/uploads\/2022\/09\/cropped-Logo-AL-redondo-borde-blanco-chiquito-1-1.png\",\"contentUrl\":\"https:\/\/andreslapoza.com.ar\/wp-content\/uploads\/2022\/09\/cropped-Logo-AL-redondo-borde-blanco-chiquito-1-1.png\",\"width\":405,\"height\":400,\"caption\":\"stratoandrews\"},\"logo\":{\"@id\":\"https:\/\/andreslapoza.com.ar\/#\/schema\/person\/image\/\"},\"sameAs\":[\"http:\/\/andreslapoza.com.ar\"]}]}<\/script>\n<!-- \/ Yoast SEO plugin. -->","yoast_head_json":{"title":"&#062; Dibujante proyectista Freelance | Dise\u00f1o de maquinaria.","description":"Andr\u00e9s Lapoza \/ Dibujante Proyectista Freelance | Solidworks | Automatizaci\u00f3n Industrial | Dise\u00f1o de maquinaria | AutoCAD | Planos | CAD","robots":{"index":"index","follow":"follow","max-snippet":"max-snippet:-1","max-image-preview":"max-image-preview:large","max-video-preview":"max-video-preview:-1"},"canonical":"https:\/\/andreslapoza.com.ar\/","og_locale":"es_ES","og_type":"article","og_title":"&#062; Dibujante proyectista Freelance | Dise\u00f1o de maquinaria.","og_description":"Andr\u00e9s Lapoza \/ Dibujante Proyectista Freelance | Solidworks | Automatizaci\u00f3n Industrial | Dise\u00f1o de maquinaria | AutoCAD | Planos | CAD","og_url":"https:\/\/andreslapoza.com.ar\/","og_site_name":"Andr\u00e9s Lapoza","article_modified_time":"2023-12-25T21:33:06+00:00","twitter_card":"summary_large_image","twitter_misc":{"Tiempo de lectura":"3 minutos"},"schema":{"@context":"https:\/\/schema.org","@graph":[{"@type":"WebPage","@id":"https:\/\/andreslapoza.com.ar\/","url":"https:\/\/andreslapoza.com.ar\/","name":"&#062; Dibujante proyectista Freelance | Dise\u00f1o de maquinaria.","isPartOf":{"@id":"https:\/\/andreslapoza.com.ar\/#website"},"datePublished":"2020-04-09T04:15:48+00:00","dateModified":"2023-12-25T21:33:06+00:00","description":"Andr\u00e9s Lapoza \/ Dibujante Proyectista Freelance | Solidworks | Automatizaci\u00f3n Industrial | Dise\u00f1o de maquinaria | AutoCAD | Planos | CAD","breadcrumb":{"@id":"https:\/\/andreslapoza.com.ar\/#breadcrumb"},"inLanguage":"es-AR","potentialAction":[{"@type":"ReadAction","target":["https:\/\/andreslapoza.com.ar\/"]}]},{"@type":"BreadcrumbList","@id":"https:\/\/andreslapoza.com.ar\/#breadcrumb","itemListElement":[{"@type":"ListItem","position":1,"name":"Inicio","item":"https:\/\/andreslapoza.com.ar\/"},{"@type":"ListItem","position":2,"name":"Andr\u00e9s Lapoza"}]},{"@type":"WebSite","@id":"https:\/\/andreslapoza.com.ar\/#website","url":"https:\/\/andreslapoza.com.ar\/","name":"Andr\u00e9s Lapoza - Ingenier\u00eda y Visualizaci\u00f3n.","description":"Ingeniar\u00eda CAD - Dise\u00f1o de maquinaria","publisher":{"@id":"https:\/\/andreslapoza.com.ar\/#\/schema\/person\/0c45d252bc13239437ad322f54a3e310"},"potentialAction":[{"@type":"SearchAction","target":{"@type":"EntryPoint","urlTemplate":"https:\/\/andreslapoza.com.ar\/?s={search_term_string}"},"query-input":{"@type":"PropertyValueSpecification","valueRequired":true,"valueName":"search_term_string"}}],"inLanguage":"es-AR"},{"@type":["Person","Organization"],"@id":"https:\/\/andreslapoza.com.ar\/#\/schema\/person\/0c45d252bc13239437ad322f54a3e310","name":"stratoandrews","image":{"@type":"ImageObject","inLanguage":"es-AR","@id":"https:\/\/andreslapoza.com.ar\/#\/schema\/person\/image\/","url":"https:\/\/andreslapoza.com.ar\/wp-content\/uploads\/2022\/09\/cropped-Logo-AL-redondo-borde-blanco-chiquito-1-1.png","contentUrl":"https:\/\/andreslapoza.com.ar\/wp-content\/uploads\/2022\/09\/cropped-Logo-AL-redondo-borde-blanco-chiquito-1-1.png","width":405,"height":400,"caption":"stratoandrews"},"logo":{"@id":"https:\/\/andreslapoza.com.ar\/#\/schema\/person\/image\/"},"sameAs":["http:\/\/andreslapoza.com.ar"]}]}},"_links":{"self":[{"href":"https:\/\/andreslapoza.com.ar\/index.php?rest_route=\/wp\/v2\/pages\/26"}],"collection":[{"href":"https:\/\/andreslapoza.com.ar\/index.php?rest_route=\/wp\/v2\/pages"}],"about":[{"href":"https:\/\/andreslapoza.com.ar\/index.php?rest_route=\/wp\/v2\/types\/page"}],"author":[{"embeddable":true,"href":"https:\/\/andreslapoza.com.ar\/index.php?rest_route=\/wp\/v2\/users\/1"}],"replies":[{"embeddable":true,"href":"https:\/\/andreslapoza.com.ar\/index.php?rest_route=%2Fwp%2Fv2%2Fcomments&post=26"}],"version-history":[{"count":108,"href":"https:\/\/andreslapoza.com.ar\/index.php?rest_route=\/wp\/v2\/pages\/26\/revisions"}],"predecessor-version":[{"id":641,"href":"https:\/\/andreslapoza.com.ar\/index.php?rest_route=\/wp\/v2\/pages\/26\/revisions\/641"}],"wp:attachment":[{"href":"https:\/\/andreslapoza.com.ar\/index.php?rest_route=%2Fwp%2Fv2%2Fmedia&parent=26"}],"curies":[{"name":"wp","href":"https:\/\/api.w.org\/{rel}","templated":true}]}}